{"id":9374,"date":"2025-08-18T14:53:10","date_gmt":"2025-08-18T12:53:10","guid":{"rendered":"https:\/\/www.forsis.de\/product\/panel-pc-profi-s-2150\/"},"modified":"2026-02-10T18:39:15","modified_gmt":"2026-02-10T17:39:15","slug":"panel-pc-profi-s-2150","status":"publish","type":"product","link":"https:\/\/www.forsis.de\/nl\/product\/panel-pc-profi-s-2150\/","title":{"rendered":"Panel-pc PROFI-S 2150"},"content":{"rendered":"<h2><span dir=\"auto\" style=\"vertical-align: inherit;\"><span dir=\"auto\" style=\"vertical-align: inherit;\">Panel-pc PROFI-S 2150 \u2013 21,5\u2033 Full HD<\/span><\/span><\/h2>\n<p><span dir=\"auto\" style=\"vertical-align: inherit;\"><span dir=\"auto\" style=\"vertical-align: inherit;\">De behuizing van aluminium\/plaatstaal met IP65-voorkant biedt bescherming tegen stof en spatwater en is gemakkelijk schoon te maken. Daardoor is de PROFI-S 2150 geschikt voor dashboards, OEE-displays en lange meettijden in industri\u00eble of hygi\u00ebnische omgevingen. <\/span><\/span><\/p>\n<p><span dir=\"auto\" style=\"vertical-align: inherit;\"><span dir=\"auto\" style=\"vertical-align: inherit;\">Het systeem kan optioneel worden uitgebreid met een WLAN-module (voor draadloze verbindingen), een RFID-lezer (voor toegangscontrole) en een ge\u00efntegreerde barcodescanner (voor traceerbare registratie). Hierdoor kunnen bediening, identificatie en registratie in \u00e9\u00e9n compacte terminal worden gecombineerd. <\/span><\/span><\/p>\n<p>Een solide en betrouwbare panel-pc heeft een robuuste en compacte behuizing nodig die bestand is tegen zware belastingen. Alle ingebouwde componenten moeten worden beschermd tegen externe invloeden en op de juiste manier worden verankerd. Trillingen, stof, oli\u00ebn en vonken zijn bijvoorbeeld onvermijdelijk in een productieomgeving. In combinatie met temperatuurschommelingen vormt dit een grote uitdaging voor de hardware.   <\/p>\n","protected":false},"excerpt":{"rendered":"<p>Panel-pc PROFI-S 2150 \u2013 21,5\u2033 Full HD De behuizing van aluminium\/plaatstaal met IP65-voorkant biedt bescherming tegen stof en spatwater en [&hellip;]<\/p>\n","protected":false},"featured_media":1426,"comment_status":"open","ping_status":"closed","template":"","meta":{"_acf_changed":false,"site-sidebar-layout":"default","site-content-layout":"","ast-site-content-layout":"default","site-content-style":"default","site-sidebar-style":"default","ast-global-header-display":"","ast-banner-title-visibility":"","ast-main-header-display":"","ast-hfb-above-header-display":"","ast-hfb-below-header-display":"","ast-hfb-mobile-header-display":"","site-post-title":"","ast-breadcrumbs-content":"","ast-featured-img":"","footer-sml-layout":"","ast-disable-related-posts":"","theme-transparent-header-meta":"default","adv-header-id-meta":"","stick-header-meta":"","header-above-stick-meta":"","header-main-stick-meta":"","header-below-stick-meta":"","astra-migrate-meta-layouts":"set","ast-page-background-enabled":"default","ast-page-background-meta":{"desktop":{"background-color":"var(--ast-global-color-5)","background-image":"","background-repeat":"repeat","background-position":"center center","background-size":"auto","background-attachment":"scroll","background-type":"","background-media":"","overlay-type":"","overlay-color":"","overlay-opacity":"","overlay-gradient":""},"tablet":{"background-color":"","background-image":"","background-repeat":"repeat","background-position":"center center","background-size":"auto","background-attachment":"scroll","background-type":"","background-media":"","overlay-type":"","overlay-color":"","overlay-opacity":"","overlay-gradient":""},"mobile":{"background-color":"","background-image":"","background-repeat":"repeat","background-position":"center center","background-size":"auto","background-attachment":"scroll","background-type":"","background-media":"","overlay-type":"","overlay-color":"","overlay-opacity":"","overlay-gradient":""}},"ast-content-background-meta":{"desktop":{"background-color":"var(--ast-global-color-4)","background-image":"","background-repeat":"repeat","background-position":"center center","background-size":"auto","background-attachment":"scroll","background-type":"","background-media":"","overlay-type":"","overlay-color":"","overlay-opacity":"","overlay-gradient":""},"tablet":{"background-color":"var(--ast-global-color-4)","background-image":"","background-repeat":"repeat","background-position":"center center","background-size":"auto","background-attachment":"scroll","background-type":"","background-media":"","overlay-type":"","overlay-color":"","overlay-opacity":"","overlay-gradient":""},"mobile":{"background-color":"var(--ast-global-color-4)","background-image":"","background-repeat":"repeat","background-position":"center center","background-size":"auto","background-attachment":"scroll","background-type":"","background-media":"","overlay-type":"","overlay-color":"","overlay-opacity":"","overlay-gradient":""}}},"product_brand":[],"product_cat":[155,180],"product_tag":[],"class_list":{"0":"post-9374","1":"product","2":"type-product","3":"status-publish","4":"has-post-thumbnail","6":"product_cat-panel-pc","7":"product_cat-profi-panel-pc","8":"desktop-align-left","9":"tablet-align-left","10":"mobile-align-left","12":"first","13":"instock","14":"shipping-taxable","15":"purchasable","16":"product-type-simple"},"acf":[],"yoast_head":"<!-- This site is optimized with the Yoast SEO plugin v27.4 - https:\/\/yoast.com\/product\/yoast-seo-wordpress\/ -->\n<title>Panel-pc PROFI-S 2150 - Forsis<\/title>\n<meta name=\"robots\" content=\"index, follow, max-snippet:-1, max-image-preview:large, max-video-preview:-1\" \/>\n<link rel=\"canonical\" href=\"https:\/\/www.forsis.de\/nl\/product\/panel-pc-profi-s-2150\/\" \/>\n<meta property=\"og:locale\" content=\"nl_NL\" \/>\n<meta property=\"og:type\" content=\"article\" \/>\n<meta property=\"og:title\" content=\"Panel-pc PROFI-S 2150 - Forsis\" \/>\n<meta property=\"og:description\" content=\"Panel-pc PROFI-S 2150 \u2013 21,5\u2033 Full HD De behuizing van aluminium\/plaatstaal met IP65-voorkant biedt bescherming tegen stof en spatwater en [&hellip;]\" \/>\n<meta property=\"og:url\" content=\"https:\/\/www.forsis.de\/nl\/product\/panel-pc-profi-s-2150\/\" \/>\n<meta property=\"og:site_name\" content=\"Forsis\" \/>\n<meta property=\"article:modified_time\" content=\"2026-02-10T17:39:15+00:00\" \/>\n<meta property=\"og:image\" content=\"http:\/\/www.forsis.de\/wp-content\/uploads\/2025\/08\/FPC-0105-front.jpg\" \/>\n\t<meta property=\"og:image:width\" content=\"1500\" \/>\n\t<meta property=\"og:image:height\" content=\"1000\" \/>\n\t<meta property=\"og:image:type\" content=\"image\/jpeg\" \/>\n<meta name=\"twitter:card\" content=\"summary_large_image\" \/>\n<script type=\"application\/ld+json\" class=\"yoast-schema-graph\">{\"@context\":\"https:\\\/\\\/schema.org\",\"@graph\":[{\"@type\":\"WebPage\",\"@id\":\"https:\\\/\\\/www.forsis.de\\\/nl\\\/product\\\/panel-pc-profi-s-2150\\\/\",\"url\":\"https:\\\/\\\/www.forsis.de\\\/nl\\\/product\\\/panel-pc-profi-s-2150\\\/\",\"name\":\"Panel-pc PROFI-S 2150 - Forsis\",\"isPartOf\":{\"@id\":\"https:\\\/\\\/www.forsis.de\\\/nl\\\/#website\"},\"primaryImageOfPage\":{\"@id\":\"https:\\\/\\\/www.forsis.de\\\/nl\\\/product\\\/panel-pc-profi-s-2150\\\/#primaryimage\"},\"image\":{\"@id\":\"https:\\\/\\\/www.forsis.de\\\/nl\\\/product\\\/panel-pc-profi-s-2150\\\/#primaryimage\"},\"thumbnailUrl\":\"https:\\\/\\\/www.forsis.de\\\/wp-content\\\/uploads\\\/2025\\\/08\\\/FPC-0105-front.jpg\",\"datePublished\":\"2025-08-18T12:53:10+00:00\",\"dateModified\":\"2026-02-10T17:39:15+00:00\",\"breadcrumb\":{\"@id\":\"https:\\\/\\\/www.forsis.de\\\/nl\\\/product\\\/panel-pc-profi-s-2150\\\/#breadcrumb\"},\"inLanguage\":\"nl-NL\",\"potentialAction\":[{\"@type\":\"ReadAction\",\"target\":[\"https:\\\/\\\/www.forsis.de\\\/nl\\\/product\\\/panel-pc-profi-s-2150\\\/\"]}]},{\"@type\":\"ImageObject\",\"inLanguage\":\"nl-NL\",\"@id\":\"https:\\\/\\\/www.forsis.de\\\/nl\\\/product\\\/panel-pc-profi-s-2150\\\/#primaryimage\",\"url\":\"https:\\\/\\\/www.forsis.de\\\/wp-content\\\/uploads\\\/2025\\\/08\\\/FPC-0105-front.jpg\",\"contentUrl\":\"https:\\\/\\\/www.forsis.de\\\/wp-content\\\/uploads\\\/2025\\\/08\\\/FPC-0105-front.jpg\",\"width\":1500,\"height\":1000},{\"@type\":\"BreadcrumbList\",\"@id\":\"https:\\\/\\\/www.forsis.de\\\/nl\\\/product\\\/panel-pc-profi-s-2150\\\/#breadcrumb\",\"itemListElement\":[{\"@type\":\"ListItem\",\"position\":1,\"name\":\"Home\",\"item\":\"https:\\\/\\\/www.forsis.de\\\/nl\\\/\"},{\"@type\":\"ListItem\",\"position\":2,\"name\":\"Winkel\",\"item\":\"https:\\\/\\\/www.forsis.de\\\/winkel\\\/\"},{\"@type\":\"ListItem\",\"position\":3,\"name\":\"Panel-pc PROFI-S 2150\"}]},{\"@type\":\"WebSite\",\"@id\":\"https:\\\/\\\/www.forsis.de\\\/nl\\\/#website\",\"url\":\"https:\\\/\\\/www.forsis.de\\\/nl\\\/\",\"name\":\"Forsis\",\"description\":\"\",\"publisher\":{\"@id\":\"https:\\\/\\\/www.forsis.de\\\/nl\\\/#organization\"},\"potentialAction\":[{\"@type\":\"SearchAction\",\"target\":{\"@type\":\"EntryPoint\",\"urlTemplate\":\"https:\\\/\\\/www.forsis.de\\\/nl\\\/?s={search_term_string}\"},\"query-input\":{\"@type\":\"PropertyValueSpecification\",\"valueRequired\":true,\"valueName\":\"search_term_string\"}}],\"inLanguage\":\"nl-NL\"},{\"@type\":\"Organization\",\"@id\":\"https:\\\/\\\/www.forsis.de\\\/nl\\\/#organization\",\"name\":\"Forsis\",\"url\":\"https:\\\/\\\/www.forsis.de\\\/nl\\\/\",\"logo\":{\"@type\":\"ImageObject\",\"inLanguage\":\"nl-NL\",\"@id\":\"https:\\\/\\\/www.forsis.de\\\/nl\\\/#\\\/schema\\\/logo\\\/image\\\/\",\"url\":\"https:\\\/\\\/www.forsis.de\\\/wp-content\\\/uploads\\\/2025\\\/06\\\/Forsis-logo.png\",\"contentUrl\":\"https:\\\/\\\/www.forsis.de\\\/wp-content\\\/uploads\\\/2025\\\/06\\\/Forsis-logo.png\",\"width\":1000,\"height\":386,\"caption\":\"Forsis\"},\"image\":{\"@id\":\"https:\\\/\\\/www.forsis.de\\\/nl\\\/#\\\/schema\\\/logo\\\/image\\\/\"}}]}<\/script>\n<!-- \/ Yoast SEO plugin. -->","yoast_head_json":{"title":"Panel-pc PROFI-S 2150 - Forsis","robots":{"index":"index","follow":"follow","max-snippet":"max-snippet:-1","max-image-preview":"max-image-preview:large","max-video-preview":"max-video-preview:-1"},"canonical":"https:\/\/www.forsis.de\/nl\/product\/panel-pc-profi-s-2150\/","og_locale":"nl_NL","og_type":"article","og_title":"Panel-pc PROFI-S 2150 - Forsis","og_description":"Panel-pc PROFI-S 2150 \u2013 21,5\u2033 Full HD De behuizing van aluminium\/plaatstaal met IP65-voorkant biedt bescherming tegen stof en spatwater en [&hellip;]","og_url":"https:\/\/www.forsis.de\/nl\/product\/panel-pc-profi-s-2150\/","og_site_name":"Forsis","article_modified_time":"2026-02-10T17:39:15+00:00","og_image":[{"width":1500,"height":1000,"url":"http:\/\/www.forsis.de\/wp-content\/uploads\/2025\/08\/FPC-0105-front.jpg","type":"image\/jpeg"}],"twitter_card":"summary_large_image","schema":{"@context":"https:\/\/schema.org","@graph":[{"@type":"WebPage","@id":"https:\/\/www.forsis.de\/nl\/product\/panel-pc-profi-s-2150\/","url":"https:\/\/www.forsis.de\/nl\/product\/panel-pc-profi-s-2150\/","name":"Panel-pc PROFI-S 2150 - Forsis","isPartOf":{"@id":"https:\/\/www.forsis.de\/nl\/#website"},"primaryImageOfPage":{"@id":"https:\/\/www.forsis.de\/nl\/product\/panel-pc-profi-s-2150\/#primaryimage"},"image":{"@id":"https:\/\/www.forsis.de\/nl\/product\/panel-pc-profi-s-2150\/#primaryimage"},"thumbnailUrl":"https:\/\/www.forsis.de\/wp-content\/uploads\/2025\/08\/FPC-0105-front.jpg","datePublished":"2025-08-18T12:53:10+00:00","dateModified":"2026-02-10T17:39:15+00:00","breadcrumb":{"@id":"https:\/\/www.forsis.de\/nl\/product\/panel-pc-profi-s-2150\/#breadcrumb"},"inLanguage":"nl-NL","potentialAction":[{"@type":"ReadAction","target":["https:\/\/www.forsis.de\/nl\/product\/panel-pc-profi-s-2150\/"]}]},{"@type":"ImageObject","inLanguage":"nl-NL","@id":"https:\/\/www.forsis.de\/nl\/product\/panel-pc-profi-s-2150\/#primaryimage","url":"https:\/\/www.forsis.de\/wp-content\/uploads\/2025\/08\/FPC-0105-front.jpg","contentUrl":"https:\/\/www.forsis.de\/wp-content\/uploads\/2025\/08\/FPC-0105-front.jpg","width":1500,"height":1000},{"@type":"BreadcrumbList","@id":"https:\/\/www.forsis.de\/nl\/product\/panel-pc-profi-s-2150\/#breadcrumb","itemListElement":[{"@type":"ListItem","position":1,"name":"Home","item":"https:\/\/www.forsis.de\/nl\/"},{"@type":"ListItem","position":2,"name":"Winkel","item":"https:\/\/www.forsis.de\/winkel\/"},{"@type":"ListItem","position":3,"name":"Panel-pc PROFI-S 2150"}]},{"@type":"WebSite","@id":"https:\/\/www.forsis.de\/nl\/#website","url":"https:\/\/www.forsis.de\/nl\/","name":"Forsis","description":"","publisher":{"@id":"https:\/\/www.forsis.de\/nl\/#organization"},"potentialAction":[{"@type":"SearchAction","target":{"@type":"EntryPoint","urlTemplate":"https:\/\/www.forsis.de\/nl\/?s={search_term_string}"},"query-input":{"@type":"PropertyValueSpecification","valueRequired":true,"valueName":"search_term_string"}}],"inLanguage":"nl-NL"},{"@type":"Organization","@id":"https:\/\/www.forsis.de\/nl\/#organization","name":"Forsis","url":"https:\/\/www.forsis.de\/nl\/","logo":{"@type":"ImageObject","inLanguage":"nl-NL","@id":"https:\/\/www.forsis.de\/nl\/#\/schema\/logo\/image\/","url":"https:\/\/www.forsis.de\/wp-content\/uploads\/2025\/06\/Forsis-logo.png","contentUrl":"https:\/\/www.forsis.de\/wp-content\/uploads\/2025\/06\/Forsis-logo.png","width":1000,"height":386,"caption":"Forsis"},"image":{"@id":"https:\/\/www.forsis.de\/nl\/#\/schema\/logo\/image\/"}}]}},"_links":{"self":[{"href":"https:\/\/www.forsis.de\/nl\/wp-json\/wp\/v2\/product\/9374","targetHints":{"allow":["GET"]}}],"collection":[{"href":"https:\/\/www.forsis.de\/nl\/wp-json\/wp\/v2\/product"}],"about":[{"href":"https:\/\/www.forsis.de\/nl\/wp-json\/wp\/v2\/types\/product"}],"replies":[{"embeddable":true,"href":"https:\/\/www.forsis.de\/nl\/wp-json\/wp\/v2\/comments?post=9374"}],"version-history":[{"count":1,"href":"https:\/\/www.forsis.de\/nl\/wp-json\/wp\/v2\/product\/9374\/revisions"}],"predecessor-version":[{"id":10293,"href":"https:\/\/www.forsis.de\/nl\/wp-json\/wp\/v2\/product\/9374\/revisions\/10293"}],"wp:featuredmedia":[{"embeddable":true,"href":"https:\/\/www.forsis.de\/nl\/wp-json\/wp\/v2\/media\/1426"}],"wp:attachment":[{"href":"https:\/\/www.forsis.de\/nl\/wp-json\/wp\/v2\/media?parent=9374"}],"wp:term":[{"taxonomy":"product_brand","embeddable":true,"href":"https:\/\/www.forsis.de\/nl\/wp-json\/wp\/v2\/product_brand?post=9374"},{"taxonomy":"product_cat","embeddable":true,"href":"https:\/\/www.forsis.de\/nl\/wp-json\/wp\/v2\/product_cat?post=9374"},{"taxonomy":"product_tag","embeddable":true,"href":"https:\/\/www.forsis.de\/nl\/wp-json\/wp\/v2\/product_tag?post=9374"}],"curies":[{"name":"wp","href":"https:\/\/api.w.org\/{rel}","templated":true}]}}