{"id":9338,"date":"2025-08-18T14:53:26","date_gmt":"2025-08-18T12:53:26","guid":{"rendered":"https:\/\/www.forsis.de\/product\/kleine-printerbehuizing\/"},"modified":"2026-02-10T18:39:13","modified_gmt":"2026-02-10T17:39:13","slug":"kleine-printerbehuizing","status":"publish","type":"product","link":"https:\/\/www.forsis.de\/nl\/product\/kleine-printerbehuizing\/","title":{"rendered":"Stat.VW-V2A Printerbehuizing KLEIN"},"content":{"rendered":"<p data-start=\"202\" data-end=\"319\">Roestvrijstalen printerstation van FORSIS De kleine uitvoering van de printerkast maakt het productassortiment compleet.<\/p>\n<p data-start=\"321\" data-end=\"923\">Het komt vaak voor dat er twee printers nodig zijn in het productieproces. Bijvoorbeeld een laserprinter en een labelprinter. De gebruiksduur is echter totaal verschillend. De labelprinter is constant nodig, de laserprinter slechts zeer zelden. In dat geval zijn twee printerbehuizingen een goede oplossing. Onafhankelijk van elkaar en toch in \u00e9\u00e9n systeem. Zoals op elk gebied staat ook hier voor FORSIS weer de totaaloplossing voorop, met aandacht voor hygi\u00ebne en functionaliteit in het gebruik voor de voedselverwerkende industrie en voor farmaceutische bedrijven.<\/p>\n<p data-start=\"925\" data-end=\"1247\"><strong data-start=\"925\" data-end=\"951\">Printerkast &#8211; KLEIN<\/strong> <br data-start=\"951\" data-end=\"954\">Onze kleine roestvrijstalen behuizing biedt een alternatief voor de grote printerkast. Deze kan voor tal van taken worden gebruikt. De technische uitvoering komt, met uitzondering van de uitschuifbare bodem, overeen met die van de grote printerkast. Ook hier werken we graag op verzoek van de klant.<\/p>\n<p data-start=\"1249\" data-end=\"1266\"><strong data-start=\"1249\" data-end=\"1264\">Afmetingen<\/strong><\/p>\n<p data-start=\"1268\" data-end=\"1322\"><em data-start=\"1268\" data-end=\"1281\">buiten in mm<\/em><br data-start=\"1281\" data-end=\"1284\">Breedte: 300<br data-start=\"1295\" data-end=\"1298\">Hoogte: 300<br data-start=\"1307\" data-end=\"1310\">Diepte: 600<\/p>\n<p data-start=\"1324\" data-end=\"1392\"><em data-start=\"1324\" data-end=\"1351\">Printerruimte \u2013 binnen in mm<\/em><br data-start=\"1351\" data-end=\"1354\">Breedte: 250<br data-start=\"1365\" data-end=\"1368\">Hoogte: 250<br data-start=\"1377\" data-end=\"1380\">Diepte: 550<\/p>\n","protected":false},"excerpt":{"rendered":"<p><span dir=\"auto\" style=\"vertical-align: inherit;\"><span dir=\"auto\" style=\"vertical-align: inherit;\">Als de printerkast van roestvrij staal vrijstaand moet zijn, kunnen er poten worden aangebracht. De stroomvoorziening kan via PG-schroef- of krimpverbindingen vanaf het plafond of vanaf de vloer plaatsvinden. De foto toont duidelijk de uitschuifbare lade voor de printer.  <\/span><\/span><\/p>\n","protected":false},"featured_media":2830,"comment_status":"open","ping_status":"closed","template":"","meta":{"_acf_changed":false,"site-sidebar-layout":"default","site-content-layout":"","ast-site-content-layout":"default","site-content-style":"default","site-sidebar-style":"default","ast-global-header-display":"","ast-banner-title-visibility":"","ast-main-header-display":"","ast-hfb-above-header-display":"","ast-hfb-below-header-display":"","ast-hfb-mobile-header-display":"","site-post-title":"","ast-breadcrumbs-content":"","ast-featured-img":"","footer-sml-layout":"","ast-disable-related-posts":"","theme-transparent-header-meta":"default","adv-header-id-meta":"","stick-header-meta":"","header-above-stick-meta":"","header-main-stick-meta":"","header-below-stick-meta":"","astra-migrate-meta-layouts":"set","ast-page-background-enabled":"default","ast-page-background-meta":{"desktop":{"background-color":"var(--ast-global-color-5)","background-image":"","background-repeat":"repeat","background-position":"center center","background-size":"auto","background-attachment":"scroll","background-type":"","background-media":"","overlay-type":"","overlay-color":"","overlay-opacity":"","overlay-gradient":""},"tablet":{"background-color":"","background-image":"","background-repeat":"repeat","background-position":"center center","background-size":"auto","background-attachment":"scroll","background-type":"","background-media":"","overlay-type":"","overlay-color":"","overlay-opacity":"","overlay-gradient":""},"mobile":{"background-color":"","background-image":"","background-repeat":"repeat","background-position":"center center","background-size":"auto","background-attachment":"scroll","background-type":"","background-media":"","overlay-type":"","overlay-color":"","overlay-opacity":"","overlay-gradient":""}},"ast-content-background-meta":{"desktop":{"background-color":"var(--ast-global-color-4)","background-image":"","background-repeat":"repeat","background-position":"center center","background-size":"auto","background-attachment":"scroll","background-type":"","background-media":"","overlay-type":"","overlay-color":"","overlay-opacity":"","overlay-gradient":""},"tablet":{"background-color":"var(--ast-global-color-4)","background-image":"","background-repeat":"repeat","background-position":"center center","background-size":"auto","background-attachment":"scroll","background-type":"","background-media":"","overlay-type":"","overlay-color":"","overlay-opacity":"","overlay-gradient":""},"mobile":{"background-color":"var(--ast-global-color-4)","background-image":"","background-repeat":"repeat","background-position":"center center","background-size":"auto","background-attachment":"scroll","background-type":"","background-media":"","overlay-type":"","overlay-color":"","overlay-opacity":"","overlay-gradient":""}}},"product_brand":[],"product_cat":[168,227],"product_tag":[],"class_list":{"0":"post-9338","1":"product","2":"type-product","3":"status-publish","4":"has-post-thumbnail","6":"product_cat-accessories-en-extensies","7":"product_cat-ap-accessories-stationary-v2a","8":"desktop-align-left","9":"tablet-align-left","10":"mobile-align-left","12":"first","13":"instock","14":"shipping-taxable","15":"purchasable","16":"product-type-simple"},"acf":[],"yoast_head":"<!-- This site is optimized with the Yoast SEO plugin v27.4 - https:\/\/yoast.com\/product\/yoast-seo-wordpress\/ -->\n<title>Stat.VW-V2A Printerbehuizing KLEIN - Forsis<\/title>\n<meta name=\"robots\" content=\"index, follow, max-snippet:-1, max-image-preview:large, max-video-preview:-1\" \/>\n<link rel=\"canonical\" href=\"https:\/\/www.forsis.de\/nl\/product\/kleine-printerbehuizing\/\" \/>\n<meta property=\"og:locale\" content=\"nl_NL\" \/>\n<meta property=\"og:type\" content=\"article\" \/>\n<meta property=\"og:title\" content=\"Stat.VW-V2A Printerbehuizing KLEIN - Forsis\" \/>\n<meta property=\"og:description\" content=\"Als de printerkast van roestvrij staal vrijstaand moet zijn, kunnen er poten worden aangebracht. De stroomvoorziening kan via PG-schroef- of krimpverbindingen vanaf het plafond of vanaf de vloer plaatsvinden. De foto toont duidelijk de uitschuifbare lade voor de printer.\" \/>\n<meta property=\"og:url\" content=\"https:\/\/www.forsis.de\/nl\/product\/kleine-printerbehuizing\/\" \/>\n<meta property=\"og:site_name\" content=\"Forsis\" \/>\n<meta property=\"article:modified_time\" content=\"2026-02-10T17:39:13+00:00\" \/>\n<meta property=\"og:image\" content=\"http:\/\/www.forsis.de\/wp-content\/uploads\/2025\/11\/FORSIS-stat-WS-PRN-BOX-open.jpg\" \/>\n\t<meta property=\"og:image:width\" content=\"1500\" \/>\n\t<meta property=\"og:image:height\" content=\"1065\" \/>\n\t<meta property=\"og:image:type\" content=\"image\/jpeg\" \/>\n<meta name=\"twitter:card\" content=\"summary_large_image\" \/>\n<script type=\"application\/ld+json\" class=\"yoast-schema-graph\">{\"@context\":\"https:\\\/\\\/schema.org\",\"@graph\":[{\"@type\":\"WebPage\",\"@id\":\"https:\\\/\\\/www.forsis.de\\\/nl\\\/product\\\/kleine-printerbehuizing\\\/\",\"url\":\"https:\\\/\\\/www.forsis.de\\\/nl\\\/product\\\/kleine-printerbehuizing\\\/\",\"name\":\"Stat.VW-V2A Printerbehuizing KLEIN - Forsis\",\"isPartOf\":{\"@id\":\"https:\\\/\\\/www.forsis.de\\\/nl\\\/#website\"},\"primaryImageOfPage\":{\"@id\":\"https:\\\/\\\/www.forsis.de\\\/nl\\\/product\\\/kleine-printerbehuizing\\\/#primaryimage\"},\"image\":{\"@id\":\"https:\\\/\\\/www.forsis.de\\\/nl\\\/product\\\/kleine-printerbehuizing\\\/#primaryimage\"},\"thumbnailUrl\":\"https:\\\/\\\/www.forsis.de\\\/wp-content\\\/uploads\\\/2025\\\/11\\\/FORSIS-stat-WS-PRN-BOX-open.jpg\",\"datePublished\":\"2025-08-18T12:53:26+00:00\",\"dateModified\":\"2026-02-10T17:39:13+00:00\",\"breadcrumb\":{\"@id\":\"https:\\\/\\\/www.forsis.de\\\/nl\\\/product\\\/kleine-printerbehuizing\\\/#breadcrumb\"},\"inLanguage\":\"nl-NL\",\"potentialAction\":[{\"@type\":\"ReadAction\",\"target\":[\"https:\\\/\\\/www.forsis.de\\\/nl\\\/product\\\/kleine-printerbehuizing\\\/\"]}]},{\"@type\":\"ImageObject\",\"inLanguage\":\"nl-NL\",\"@id\":\"https:\\\/\\\/www.forsis.de\\\/nl\\\/product\\\/kleine-printerbehuizing\\\/#primaryimage\",\"url\":\"https:\\\/\\\/www.forsis.de\\\/wp-content\\\/uploads\\\/2025\\\/11\\\/FORSIS-stat-WS-PRN-BOX-open.jpg\",\"contentUrl\":\"https:\\\/\\\/www.forsis.de\\\/wp-content\\\/uploads\\\/2025\\\/11\\\/FORSIS-stat-WS-PRN-BOX-open.jpg\",\"width\":1500,\"height\":1065},{\"@type\":\"BreadcrumbList\",\"@id\":\"https:\\\/\\\/www.forsis.de\\\/nl\\\/product\\\/kleine-printerbehuizing\\\/#breadcrumb\",\"itemListElement\":[{\"@type\":\"ListItem\",\"position\":1,\"name\":\"Home\",\"item\":\"https:\\\/\\\/www.forsis.de\\\/nl\\\/\"},{\"@type\":\"ListItem\",\"position\":2,\"name\":\"Winkel\",\"item\":\"https:\\\/\\\/www.forsis.de\\\/winkel\\\/\"},{\"@type\":\"ListItem\",\"position\":3,\"name\":\"Stat.VW-V2A Printerbehuizing KLEIN\"}]},{\"@type\":\"WebSite\",\"@id\":\"https:\\\/\\\/www.forsis.de\\\/nl\\\/#website\",\"url\":\"https:\\\/\\\/www.forsis.de\\\/nl\\\/\",\"name\":\"Forsis\",\"description\":\"\",\"publisher\":{\"@id\":\"https:\\\/\\\/www.forsis.de\\\/nl\\\/#organization\"},\"potentialAction\":[{\"@type\":\"SearchAction\",\"target\":{\"@type\":\"EntryPoint\",\"urlTemplate\":\"https:\\\/\\\/www.forsis.de\\\/nl\\\/?s={search_term_string}\"},\"query-input\":{\"@type\":\"PropertyValueSpecification\",\"valueRequired\":true,\"valueName\":\"search_term_string\"}}],\"inLanguage\":\"nl-NL\"},{\"@type\":\"Organization\",\"@id\":\"https:\\\/\\\/www.forsis.de\\\/nl\\\/#organization\",\"name\":\"Forsis\",\"url\":\"https:\\\/\\\/www.forsis.de\\\/nl\\\/\",\"logo\":{\"@type\":\"ImageObject\",\"inLanguage\":\"nl-NL\",\"@id\":\"https:\\\/\\\/www.forsis.de\\\/nl\\\/#\\\/schema\\\/logo\\\/image\\\/\",\"url\":\"https:\\\/\\\/www.forsis.de\\\/wp-content\\\/uploads\\\/2025\\\/06\\\/Forsis-logo.png\",\"contentUrl\":\"https:\\\/\\\/www.forsis.de\\\/wp-content\\\/uploads\\\/2025\\\/06\\\/Forsis-logo.png\",\"width\":1000,\"height\":386,\"caption\":\"Forsis\"},\"image\":{\"@id\":\"https:\\\/\\\/www.forsis.de\\\/nl\\\/#\\\/schema\\\/logo\\\/image\\\/\"}}]}<\/script>\n<!-- \/ Yoast SEO plugin. -->","yoast_head_json":{"title":"Stat.VW-V2A Printerbehuizing KLEIN - Forsis","robots":{"index":"index","follow":"follow","max-snippet":"max-snippet:-1","max-image-preview":"max-image-preview:large","max-video-preview":"max-video-preview:-1"},"canonical":"https:\/\/www.forsis.de\/nl\/product\/kleine-printerbehuizing\/","og_locale":"nl_NL","og_type":"article","og_title":"Stat.VW-V2A Printerbehuizing KLEIN - Forsis","og_description":"Als de printerkast van roestvrij staal vrijstaand moet zijn, kunnen er poten worden aangebracht. De stroomvoorziening kan via PG-schroef- of krimpverbindingen vanaf het plafond of vanaf de vloer plaatsvinden. De foto toont duidelijk de uitschuifbare lade voor de printer.","og_url":"https:\/\/www.forsis.de\/nl\/product\/kleine-printerbehuizing\/","og_site_name":"Forsis","article_modified_time":"2026-02-10T17:39:13+00:00","og_image":[{"width":1500,"height":1065,"url":"http:\/\/www.forsis.de\/wp-content\/uploads\/2025\/11\/FORSIS-stat-WS-PRN-BOX-open.jpg","type":"image\/jpeg"}],"twitter_card":"summary_large_image","schema":{"@context":"https:\/\/schema.org","@graph":[{"@type":"WebPage","@id":"https:\/\/www.forsis.de\/nl\/product\/kleine-printerbehuizing\/","url":"https:\/\/www.forsis.de\/nl\/product\/kleine-printerbehuizing\/","name":"Stat.VW-V2A Printerbehuizing KLEIN - Forsis","isPartOf":{"@id":"https:\/\/www.forsis.de\/nl\/#website"},"primaryImageOfPage":{"@id":"https:\/\/www.forsis.de\/nl\/product\/kleine-printerbehuizing\/#primaryimage"},"image":{"@id":"https:\/\/www.forsis.de\/nl\/product\/kleine-printerbehuizing\/#primaryimage"},"thumbnailUrl":"https:\/\/www.forsis.de\/wp-content\/uploads\/2025\/11\/FORSIS-stat-WS-PRN-BOX-open.jpg","datePublished":"2025-08-18T12:53:26+00:00","dateModified":"2026-02-10T17:39:13+00:00","breadcrumb":{"@id":"https:\/\/www.forsis.de\/nl\/product\/kleine-printerbehuizing\/#breadcrumb"},"inLanguage":"nl-NL","potentialAction":[{"@type":"ReadAction","target":["https:\/\/www.forsis.de\/nl\/product\/kleine-printerbehuizing\/"]}]},{"@type":"ImageObject","inLanguage":"nl-NL","@id":"https:\/\/www.forsis.de\/nl\/product\/kleine-printerbehuizing\/#primaryimage","url":"https:\/\/www.forsis.de\/wp-content\/uploads\/2025\/11\/FORSIS-stat-WS-PRN-BOX-open.jpg","contentUrl":"https:\/\/www.forsis.de\/wp-content\/uploads\/2025\/11\/FORSIS-stat-WS-PRN-BOX-open.jpg","width":1500,"height":1065},{"@type":"BreadcrumbList","@id":"https:\/\/www.forsis.de\/nl\/product\/kleine-printerbehuizing\/#breadcrumb","itemListElement":[{"@type":"ListItem","position":1,"name":"Home","item":"https:\/\/www.forsis.de\/nl\/"},{"@type":"ListItem","position":2,"name":"Winkel","item":"https:\/\/www.forsis.de\/winkel\/"},{"@type":"ListItem","position":3,"name":"Stat.VW-V2A Printerbehuizing KLEIN"}]},{"@type":"WebSite","@id":"https:\/\/www.forsis.de\/nl\/#website","url":"https:\/\/www.forsis.de\/nl\/","name":"Forsis","description":"","publisher":{"@id":"https:\/\/www.forsis.de\/nl\/#organization"},"potentialAction":[{"@type":"SearchAction","target":{"@type":"EntryPoint","urlTemplate":"https:\/\/www.forsis.de\/nl\/?s={search_term_string}"},"query-input":{"@type":"PropertyValueSpecification","valueRequired":true,"valueName":"search_term_string"}}],"inLanguage":"nl-NL"},{"@type":"Organization","@id":"https:\/\/www.forsis.de\/nl\/#organization","name":"Forsis","url":"https:\/\/www.forsis.de\/nl\/","logo":{"@type":"ImageObject","inLanguage":"nl-NL","@id":"https:\/\/www.forsis.de\/nl\/#\/schema\/logo\/image\/","url":"https:\/\/www.forsis.de\/wp-content\/uploads\/2025\/06\/Forsis-logo.png","contentUrl":"https:\/\/www.forsis.de\/wp-content\/uploads\/2025\/06\/Forsis-logo.png","width":1000,"height":386,"caption":"Forsis"},"image":{"@id":"https:\/\/www.forsis.de\/nl\/#\/schema\/logo\/image\/"}}]}},"_links":{"self":[{"href":"https:\/\/www.forsis.de\/nl\/wp-json\/wp\/v2\/product\/9338","targetHints":{"allow":["GET"]}}],"collection":[{"href":"https:\/\/www.forsis.de\/nl\/wp-json\/wp\/v2\/product"}],"about":[{"href":"https:\/\/www.forsis.de\/nl\/wp-json\/wp\/v2\/types\/product"}],"replies":[{"embeddable":true,"href":"https:\/\/www.forsis.de\/nl\/wp-json\/wp\/v2\/comments?post=9338"}],"version-history":[{"count":1,"href":"https:\/\/www.forsis.de\/nl\/wp-json\/wp\/v2\/product\/9338\/revisions"}],"predecessor-version":[{"id":9339,"href":"https:\/\/www.forsis.de\/nl\/wp-json\/wp\/v2\/product\/9338\/revisions\/9339"}],"wp:featuredmedia":[{"embeddable":true,"href":"https:\/\/www.forsis.de\/nl\/wp-json\/wp\/v2\/media\/2830"}],"wp:attachment":[{"href":"https:\/\/www.forsis.de\/nl\/wp-json\/wp\/v2\/media?parent=9338"}],"wp:term":[{"taxonomy":"product_brand","embeddable":true,"href":"https:\/\/www.forsis.de\/nl\/wp-json\/wp\/v2\/product_brand?post=9338"},{"taxonomy":"product_cat","embeddable":true,"href":"https:\/\/www.forsis.de\/nl\/wp-json\/wp\/v2\/product_cat?post=9338"},{"taxonomy":"product_tag","embeddable":true,"href":"https:\/\/www.forsis.de\/nl\/wp-json\/wp\/v2\/product_tag?post=9338"}],"curies":[{"name":"wp","href":"https:\/\/api.w.org\/{rel}","templated":true}]}}