{"id":5494,"date":"2026-02-04T10:41:29","date_gmt":"2026-02-04T09:41:29","guid":{"rendered":"https:\/\/www.forsis.de\/offerte-aanvragen-2\/"},"modified":"2026-02-04T11:01:25","modified_gmt":"2026-02-04T10:01:25","slug":"offerte-aanvragen","status":"publish","type":"page","link":"https:\/\/www.forsis.de\/nl\/offerte-aanvragen\/","title":{"rendered":"Offerte aanvragen"},"content":{"rendered":"\t\t<div data-elementor-type=\"wp-page\" data-elementor-id=\"5494\" class=\"elementor elementor-5494 elementor-5491\" data-elementor-post-type=\"page\">\n\t\t\t\t<div class=\"elementor-element elementor-element-672a327 e-flex e-con-boxed e-con e-parent\" data-id=\"672a327\" data-element_type=\"container\" data-e-type=\"container\" data-settings=\"{&quot;background_background&quot;:&quot;classic&quot;}\">\n\t\t\t\t\t<div class=\"e-con-inner\">\n\t\t\t\t<div class=\"elementor-element elementor-element-4196783 elementor-widget elementor-widget-heading\" data-id=\"4196783\" data-element_type=\"widget\" data-e-type=\"widget\" data-widget_type=\"heading.default\">\n\t\t\t\t<div class=\"elementor-widget-container\">\n\t\t\t\t\t<h1 class=\"elementor-heading-title elementor-size-default\">Offerte aanvragen<\/h1>\t\t\t\t<\/div>\n\t\t\t\t<\/div>\n\t\t\t\t<div class=\"elementor-element elementor-element-06caed2 elementor-widget elementor-widget-text-editor\" data-id=\"06caed2\" data-element_type=\"widget\" data-e-type=\"widget\" data-widget_type=\"text-editor.default\">\n\t\t\t\t<div class=\"elementor-widget-container\">\n\t\t\t\t\t\t\t\t\t<p><strong><span class=\"NormalTextRun SCXW235910936 BCX0\">FORSIS<\/span><span class=\"NormalTextRun SCXW235910936 BCX0\">: Altijd een oplossing die bij u past<\/span><\/strong><\/p>\t\t\t\t\t\t\t\t<\/div>\n\t\t\t\t<\/div>\n\t\t\t\t\t<\/div>\n\t\t\t\t<\/div>\n\t\t<div class=\"elementor-element elementor-element-d3bcdc1 e-flex e-con-boxed e-con e-parent\" data-id=\"d3bcdc1\" data-element_type=\"container\" data-e-type=\"container\" data-settings=\"{&quot;background_background&quot;:&quot;classic&quot;}\">\n\t\t\t\t\t<div class=\"e-con-inner\">\n\t\t\t\t\t<\/div>\n\t\t\t\t<\/div>\n\t\t<div class=\"elementor-element elementor-element-0f608e3 e-flex e-con-boxed e-con e-parent\" data-id=\"0f608e3\" data-element_type=\"container\" data-e-type=\"container\" data-settings=\"{&quot;background_background&quot;:&quot;classic&quot;}\">\n\t\t\t\t\t<div class=\"e-con-inner\">\n\t\t<div class=\"elementor-element elementor-element-4463f5a e-con-full e-flex e-con e-child\" data-id=\"4463f5a\" data-element_type=\"container\" data-e-type=\"container\">\n\t\t\t\t<div class=\"elementor-element elementor-element-90eacdb elementor-widget elementor-widget-heading\" data-id=\"90eacdb\" data-element_type=\"widget\" data-e-type=\"widget\" data-widget_type=\"heading.default\">\n\t\t\t\t<div class=\"elementor-widget-container\">\n\t\t\t\t\t<h2 class=\"elementor-heading-title elementor-size-default\">Maatwerk en standaardoplossingen, vraag nu een offerte aan<\/h2>\t\t\t\t<\/div>\n\t\t\t\t<\/div>\n\t\t\t\t<div class=\"elementor-element elementor-element-0dc0edb elementor-widget elementor-widget-text-editor\" data-id=\"0dc0edb\" data-element_type=\"widget\" data-e-type=\"widget\" data-widget_type=\"text-editor.default\">\n\t\t\t\t<div class=\"elementor-widget-container\">\n\t\t\t\t\t\t\t\t\t<p><span data-contrast=\"none\">Wenst u een offerte? Laat het ons weten! Vul bijgaand formulier in met daarin uw wensen en we nemen contact met u op. Zodat we snel voor u een offerte kunnen maken met een passende oplossing.   <\/span><span data-ccp-props=\"{}\"> <\/span><\/p><p><span data-contrast=\"none\">Heeft u nog vragen of wilt u eerst overleggen? Bel of mail ons dan en we helpen u graag verder.  <\/span><span data-ccp-props=\"{}\"> <\/span><\/p>\t\t\t\t\t\t\t\t<\/div>\n\t\t\t\t<\/div>\n\t\t\t\t<div class=\"elementor-element elementor-element-04f79a6 elementor-align-center elementor-widget elementor-widget-button\" data-id=\"04f79a6\" data-element_type=\"widget\" data-e-type=\"widget\" data-widget_type=\"button.default\">\n\t\t\t\t<div class=\"elementor-widget-container\">\n\t\t\t\t\t\t\t\t\t<div class=\"elementor-button-wrapper\">\n\t\t\t\t\t<a class=\"elementor-button elementor-button-link elementor-size-sm\" href=\"https:\/\/www.forsis.de\/nl\/contact\/\">\n\t\t\t\t\t\t<span class=\"elementor-button-content-wrapper\">\n\t\t\t\t\t\t<span class=\"elementor-button-icon\">\n\t\t\t\t<svg aria-hidden=\"true\" class=\"e-font-icon-svg e-fas-caret-right\" viewBox=\"0 0 192 512\" xmlns=\"http:\/\/www.w3.org\/2000\/svg\"><path d=\"M0 384.662V127.338c0-17.818 21.543-26.741 34.142-14.142l128.662 128.662c7.81 7.81 7.81 20.474 0 28.284L34.142 398.804C21.543 411.404 0 402.48 0 384.662z\"><\/path><\/svg>\t\t\t<\/span>\n\t\t\t\t\t\t\t\t\t<span class=\"elementor-button-text\">Neem contact op<\/span>\n\t\t\t\t\t<\/span>\n\t\t\t\t\t<\/a>\n\t\t\t\t<\/div>\n\t\t\t\t\t\t\t\t<\/div>\n\t\t\t\t<\/div>\n\t\t\t\t<\/div>\n\t\t<div class=\"elementor-element elementor-element-138ee53 e-con-full e-flex e-con e-child\" data-id=\"138ee53\" data-element_type=\"container\" data-e-type=\"container\">\n\t\t\t\t<div class=\"elementor-element elementor-element-f22fc65 eael-contact-form-7-button-align-left eael-contact-form-7-button-custom elementor-widget elementor-widget-eael-contact-form-7\" data-id=\"f22fc65\" data-element_type=\"widget\" data-e-type=\"widget\" data-widget_type=\"eael-contact-form-7.default\">\n\t\t\t\t<div class=\"elementor-widget-container\">\n\t\t\t\t\t<div class=\"eael-contact-form-7-wrapper\">\n                <div class=\"eael-contact-form eael-contact-form-7 eael-contact-form-f22fc65 placeholder-show eael-contact-form-align-default\">\n<div class=\"wpcf7 no-js\" id=\"wpcf7-f1218-o1\" lang=\"nl-NL\" dir=\"ltr\" data-wpcf7-id=\"1218\">\n<div class=\"screen-reader-response\"><p role=\"status\" aria-live=\"polite\" aria-atomic=\"true\"><\/p> <ul><\/ul><\/div>\n<form action=\"\/nl\/wp-json\/wp\/v2\/pages\/5494#wpcf7-f1218-o1\" method=\"post\" class=\"wpcf7-form init\" aria-label=\"Contactformulier\" novalidate=\"novalidate\" data-status=\"init\">\n<fieldset class=\"hidden-fields-container\"><input type=\"hidden\" name=\"_wpcf7\" value=\"1218\" \/><input type=\"hidden\" name=\"_wpcf7_version\" value=\"6.1.5\" \/><input type=\"hidden\" name=\"_wpcf7_locale\" value=\"nl_NL\" \/><input type=\"hidden\" name=\"_wpcf7_unit_tag\" value=\"wpcf7-f1218-o1\" \/><input type=\"hidden\" name=\"_wpcf7_container_post\" value=\"0\" \/><input type=\"hidden\" name=\"_wpcf7_posted_data_hash\" value=\"\" \/><input type=\"hidden\" name=\"_wpcf7_recaptcha_response\" value=\"\" \/>\n<\/fieldset>\n<p><label> Voornaam + Achternaam*<br \/>\n<span class=\"wpcf7-form-control-wrap\" data-name=\"your-name\"><input size=\"40\" maxlength=\"400\" class=\"wpcf7-form-control wpcf7-text wpcf7-validates-as-required\" aria-required=\"true\" aria-invalid=\"false\" value=\"\" type=\"text\" name=\"your-name\" \/><\/span> <\/label>\n<\/p>\n<p><label> E-mailadres*<br \/>\n<span class=\"wpcf7-form-control-wrap\" data-name=\"your-email\"><input size=\"40\" maxlength=\"400\" class=\"wpcf7-form-control wpcf7-email wpcf7-validates-as-required wpcf7-text wpcf7-validates-as-email\" aria-required=\"true\" aria-invalid=\"false\" value=\"\" type=\"email\" name=\"your-email\" \/><\/span> <\/label>\n<\/p>\n<p><label> Telefoonnummer<br \/>\n<span class=\"wpcf7-form-control-wrap\" data-name=\"your-tel\"><input size=\"40\" maxlength=\"400\" class=\"wpcf7-form-control wpcf7-tel wpcf7-text wpcf7-validates-as-tel\" aria-invalid=\"false\" value=\"\" type=\"tel\" name=\"your-tel\" \/><\/span><\/label>\n<\/p>\n<p><label> Bedrijfsnaam<br \/>\n<span class=\"wpcf7-form-control-wrap\" data-name=\"jouw-bedrijf\"><input size=\"40\" maxlength=\"400\" class=\"wpcf7-form-control wpcf7-text\" aria-invalid=\"false\" value=\"\" type=\"text\" name=\"jouw-bedrijf\" \/><\/span><\/label>\n<\/p>\n<p><label> Adres<br \/>\n<span class=\"wpcf7-form-control-wrap\" data-name=\"jouw-adres\"><input size=\"40\" maxlength=\"400\" class=\"wpcf7-form-control wpcf7-text\" aria-invalid=\"false\" value=\"\" type=\"text\" name=\"jouw-adres\" \/><\/span><\/label>\n<\/p>\n<p><label> Voor welk product wilt u een offerte ontvangen?<br \/>\n<span class=\"wpcf7-form-control-wrap\" data-name=\"Serie\"><select class=\"wpcf7-form-control wpcf7-select wpcf7-validates-as-required\" aria-required=\"true\" aria-invalid=\"false\" name=\"Serie\"><option value=\"Panel PC \u2013 Expert-serie\">Panel PC \u2013 Expert-serie<\/option><option value=\"Panel PC \u2013 Profi-serie\">Panel PC \u2013 Profi-serie<\/option><option value=\"Panel PC \u2013 Mobile-serie\">Panel PC \u2013 Mobile-serie<\/option><option value=\"Panel PC \u2013 Overige\">Panel PC \u2013 Overige<\/option><option value=\"Mobiele werkplekoplossingen\">Mobiele werkplekoplossingen<\/option><option value=\"Stationaire werkplekoplossingen\">Stationaire werkplekoplossingen<\/option><option value=\"Tablet PC\">Tablet PC<\/option><option value=\"RFID-kaartlezer\">RFID-kaartlezer<\/option><option value=\"Overige\">Overige<\/option><\/select><\/span> <\/label>\n<\/p>\n<p><label> Bericht*<br \/>\n<span class=\"wpcf7-form-control-wrap\" data-name=\"your-message\"><textarea cols=\"40\" rows=\"10\" maxlength=\"2000\" class=\"wpcf7-form-control wpcf7-textarea wpcf7-validates-as-required\" aria-required=\"true\" aria-invalid=\"false\" name=\"your-message\"><\/textarea><\/span> <\/label>\n<\/p>\n<p><span class=\"wpcf7-form-control-wrap\" data-name=\"acceptance-445\"><span class=\"wpcf7-form-control wpcf7-acceptance\"><span class=\"wpcf7-list-item\"><label><input type=\"checkbox\" name=\"acceptance-445\" value=\"1\" aria-invalid=\"false\" \/><span class=\"wpcf7-list-item-label\">Ik heb de <a href=\"https:\/\/www.forsis.de\/nl\/over-ons\/privacyverklaring\/\" target=\"_blank\">privacyverklaring<\/a> gelezen en ga akkoord met de verwerking van mijn gegevens overeenkomstig deze verklaring.<\/span><\/label><\/span><\/span><\/span>\n<\/p>\n<p><input class=\"wpcf7-form-control wpcf7-submit has-spinner\" type=\"submit\" value=\"Versturen\" \/>\n<\/p><div class=\"wpcf7-response-output\" aria-hidden=\"true\"><\/div>\n<\/form>\n<\/div>\n<\/div>\n            <\/div>\t\t\t\t<\/div>\n\t\t\t\t<\/div>\n\t\t\t\t<\/div>\n\t\t\t\t\t<\/div>\n\t\t\t\t<\/div>\n\t\t\t\t<\/div>\n\t\t","protected":false},"excerpt":{"rendered":"<p>Offerte aanvragen FORSIS: Altijd een oplossing die bij u past Maatwerk en standaardoplossingen, vraag nu een offerte aan Wenst u [&hellip;]<\/p>\n","protected":false},"author":1,"featured_media":0,"parent":0,"menu_order":0,"comment_status":"closed","ping_status":"closed","template":"elementor_header_footer","meta":{"_acf_changed":false,"site-sidebar-layout":"no-sidebar","site-content-layout":"","ast-site-content-layout":"full-width-container","site-content-style":"default","site-sidebar-style":"default","ast-global-header-display":"","ast-banner-title-visibility":"","ast-main-header-display":"","ast-hfb-above-header-display":"","ast-hfb-below-header-display":"","ast-hfb-mobile-header-display":"","site-post-title":"","ast-breadcrumbs-content":"","ast-featured-img":"disabled","footer-sml-layout":"","ast-disable-related-posts":"","theme-transparent-header-meta":"","adv-header-id-meta":"","stick-header-meta":"","header-above-stick-meta":"","header-main-stick-meta":"","header-below-stick-meta":"","astra-migrate-meta-layouts":"default","ast-page-background-enabled":"default","ast-page-background-meta":{"desktop":{"background-color":"var(--ast-global-color-5)","background-image":"","background-repeat":"repeat","background-position":"center center","background-size":"auto","background-attachment":"scroll","background-type":"","background-media":"","overlay-type":"","overlay-color":"","overlay-opacity":"","overlay-gradient":""},"tablet":{"background-color":"","background-image":"","background-repeat":"repeat","background-position":"center center","background-size":"auto","background-attachment":"scroll","background-type":"","background-media":"","overlay-type":"","overlay-color":"","overlay-opacity":"","overlay-gradient":""},"mobile":{"background-color":"","background-image":"","background-repeat":"repeat","background-position":"center center","background-size":"auto","background-attachment":"scroll","background-type":"","background-media":"","overlay-type":"","overlay-color":"","overlay-opacity":"","overlay-gradient":""}},"ast-content-background-meta":{"desktop":{"background-color":"var(--ast-global-color-4)","background-image":"","background-repeat":"repeat","background-position":"center center","background-size":"auto","background-attachment":"scroll","background-type":"","background-media":"","overlay-type":"","overlay-color":"","overlay-opacity":"","overlay-gradient":""},"tablet":{"background-color":"var(--ast-global-color-4)","background-image":"","background-repeat":"repeat","background-position":"center center","background-size":"auto","background-attachment":"scroll","background-type":"","background-media":"","overlay-type":"","overlay-color":"","overlay-opacity":"","overlay-gradient":""},"mobile":{"background-color":"var(--ast-global-color-4)","background-image":"","background-repeat":"repeat","background-position":"center center","background-size":"auto","background-attachment":"scroll","background-type":"","background-media":"","overlay-type":"","overlay-color":"","overlay-opacity":"","overlay-gradient":""}},"footnotes":""},"class_list":["post-5494","page","type-page","status-publish","hentry"],"acf":[],"yoast_head":"<!-- This site is optimized with the Yoast SEO plugin v27.4 - https:\/\/yoast.com\/product\/yoast-seo-wordpress\/ -->\n<title>Offerte aanvragen | FORSIS | Specialist in industri\u00eble panel-pc&#039;s<\/title>\n<meta name=\"description\" content=\"Vraag hier een offerte aan bij FORSIS. Standaard \u00e9n maatwerk industri\u00eble hardware-oplossingen die blijven werken, zelfs in de zwaarste omstandigheden.\" \/>\n<meta name=\"robots\" content=\"index, follow, max-snippet:-1, max-image-preview:large, max-video-preview:-1\" \/>\n<link rel=\"canonical\" href=\"https:\/\/www.forsis.de\/nl\/offerte-aanvragen\/\" \/>\n<meta property=\"og:locale\" content=\"nl_NL\" \/>\n<meta property=\"og:type\" content=\"article\" \/>\n<meta property=\"og:title\" content=\"Offerte aanvragen | FORSIS | Specialist in industri\u00eble panel-pc&#039;s\" \/>\n<meta property=\"og:description\" content=\"Vraag hier een offerte aan bij FORSIS. Standaard \u00e9n maatwerk industri\u00eble hardware-oplossingen die blijven werken, zelfs in de zwaarste omstandigheden.\" \/>\n<meta property=\"og:url\" content=\"https:\/\/www.forsis.de\/nl\/offerte-aanvragen\/\" \/>\n<meta property=\"og:site_name\" content=\"Forsis\" \/>\n<meta property=\"article:modified_time\" content=\"2026-02-04T10:01:25+00:00\" \/>\n<meta name=\"twitter:card\" content=\"summary_large_image\" \/>\n<script type=\"application\/ld+json\" class=\"yoast-schema-graph\">{\"@context\":\"https:\\\/\\\/schema.org\",\"@graph\":[{\"@type\":\"WebPage\",\"@id\":\"https:\\\/\\\/www.forsis.de\\\/nl\\\/offerte-aanvragen\\\/\",\"url\":\"https:\\\/\\\/www.forsis.de\\\/nl\\\/offerte-aanvragen\\\/\",\"name\":\"Offerte aanvragen | FORSIS | Specialist in industri\u00eble panel-pc's\",\"isPartOf\":{\"@id\":\"https:\\\/\\\/www.forsis.de\\\/nl\\\/#website\"},\"datePublished\":\"2026-02-04T09:41:29+00:00\",\"dateModified\":\"2026-02-04T10:01:25+00:00\",\"description\":\"Vraag hier een offerte aan bij FORSIS. Standaard \u00e9n maatwerk industri\u00eble hardware-oplossingen die blijven werken, zelfs in de zwaarste omstandigheden.\",\"breadcrumb\":{\"@id\":\"https:\\\/\\\/www.forsis.de\\\/nl\\\/offerte-aanvragen\\\/#breadcrumb\"},\"inLanguage\":\"nl-NL\",\"potentialAction\":[{\"@type\":\"ReadAction\",\"target\":[\"https:\\\/\\\/www.forsis.de\\\/nl\\\/offerte-aanvragen\\\/\"]}]},{\"@type\":\"BreadcrumbList\",\"@id\":\"https:\\\/\\\/www.forsis.de\\\/nl\\\/offerte-aanvragen\\\/#breadcrumb\",\"itemListElement\":[{\"@type\":\"ListItem\",\"position\":1,\"name\":\"Home\",\"item\":\"https:\\\/\\\/www.forsis.de\\\/nl\\\/\"},{\"@type\":\"ListItem\",\"position\":2,\"name\":\"Offerte aanvragen\"}]},{\"@type\":\"WebSite\",\"@id\":\"https:\\\/\\\/www.forsis.de\\\/nl\\\/#website\",\"url\":\"https:\\\/\\\/www.forsis.de\\\/nl\\\/\",\"name\":\"Forsis\",\"description\":\"\",\"publisher\":{\"@id\":\"https:\\\/\\\/www.forsis.de\\\/nl\\\/#organization\"},\"potentialAction\":[{\"@type\":\"SearchAction\",\"target\":{\"@type\":\"EntryPoint\",\"urlTemplate\":\"https:\\\/\\\/www.forsis.de\\\/nl\\\/?s={search_term_string}\"},\"query-input\":{\"@type\":\"PropertyValueSpecification\",\"valueRequired\":true,\"valueName\":\"search_term_string\"}}],\"inLanguage\":\"nl-NL\"},{\"@type\":\"Organization\",\"@id\":\"https:\\\/\\\/www.forsis.de\\\/nl\\\/#organization\",\"name\":\"Forsis\",\"url\":\"https:\\\/\\\/www.forsis.de\\\/nl\\\/\",\"logo\":{\"@type\":\"ImageObject\",\"inLanguage\":\"nl-NL\",\"@id\":\"https:\\\/\\\/www.forsis.de\\\/nl\\\/#\\\/schema\\\/logo\\\/image\\\/\",\"url\":\"https:\\\/\\\/www.forsis.de\\\/wp-content\\\/uploads\\\/2025\\\/06\\\/Forsis-logo.png\",\"contentUrl\":\"https:\\\/\\\/www.forsis.de\\\/wp-content\\\/uploads\\\/2025\\\/06\\\/Forsis-logo.png\",\"width\":1000,\"height\":386,\"caption\":\"Forsis\"},\"image\":{\"@id\":\"https:\\\/\\\/www.forsis.de\\\/nl\\\/#\\\/schema\\\/logo\\\/image\\\/\"}}]}<\/script>\n<!-- \/ Yoast SEO plugin. -->","yoast_head_json":{"title":"Offerte aanvragen | FORSIS | Specialist in industri\u00eble panel-pc's","description":"Vraag hier een offerte aan bij FORSIS. Standaard \u00e9n maatwerk industri\u00eble hardware-oplossingen die blijven werken, zelfs in de zwaarste omstandigheden.","robots":{"index":"index","follow":"follow","max-snippet":"max-snippet:-1","max-image-preview":"max-image-preview:large","max-video-preview":"max-video-preview:-1"},"canonical":"https:\/\/www.forsis.de\/nl\/offerte-aanvragen\/","og_locale":"nl_NL","og_type":"article","og_title":"Offerte aanvragen | FORSIS | Specialist in industri\u00eble panel-pc's","og_description":"Vraag hier een offerte aan bij FORSIS. Standaard \u00e9n maatwerk industri\u00eble hardware-oplossingen die blijven werken, zelfs in de zwaarste omstandigheden.","og_url":"https:\/\/www.forsis.de\/nl\/offerte-aanvragen\/","og_site_name":"Forsis","article_modified_time":"2026-02-04T10:01:25+00:00","twitter_card":"summary_large_image","schema":{"@context":"https:\/\/schema.org","@graph":[{"@type":"WebPage","@id":"https:\/\/www.forsis.de\/nl\/offerte-aanvragen\/","url":"https:\/\/www.forsis.de\/nl\/offerte-aanvragen\/","name":"Offerte aanvragen | FORSIS | Specialist in industri\u00eble panel-pc's","isPartOf":{"@id":"https:\/\/www.forsis.de\/nl\/#website"},"datePublished":"2026-02-04T09:41:29+00:00","dateModified":"2026-02-04T10:01:25+00:00","description":"Vraag hier een offerte aan bij FORSIS. Standaard \u00e9n maatwerk industri\u00eble hardware-oplossingen die blijven werken, zelfs in de zwaarste omstandigheden.","breadcrumb":{"@id":"https:\/\/www.forsis.de\/nl\/offerte-aanvragen\/#breadcrumb"},"inLanguage":"nl-NL","potentialAction":[{"@type":"ReadAction","target":["https:\/\/www.forsis.de\/nl\/offerte-aanvragen\/"]}]},{"@type":"BreadcrumbList","@id":"https:\/\/www.forsis.de\/nl\/offerte-aanvragen\/#breadcrumb","itemListElement":[{"@type":"ListItem","position":1,"name":"Home","item":"https:\/\/www.forsis.de\/nl\/"},{"@type":"ListItem","position":2,"name":"Offerte aanvragen"}]},{"@type":"WebSite","@id":"https:\/\/www.forsis.de\/nl\/#website","url":"https:\/\/www.forsis.de\/nl\/","name":"Forsis","description":"","publisher":{"@id":"https:\/\/www.forsis.de\/nl\/#organization"},"potentialAction":[{"@type":"SearchAction","target":{"@type":"EntryPoint","urlTemplate":"https:\/\/www.forsis.de\/nl\/?s={search_term_string}"},"query-input":{"@type":"PropertyValueSpecification","valueRequired":true,"valueName":"search_term_string"}}],"inLanguage":"nl-NL"},{"@type":"Organization","@id":"https:\/\/www.forsis.de\/nl\/#organization","name":"Forsis","url":"https:\/\/www.forsis.de\/nl\/","logo":{"@type":"ImageObject","inLanguage":"nl-NL","@id":"https:\/\/www.forsis.de\/nl\/#\/schema\/logo\/image\/","url":"https:\/\/www.forsis.de\/wp-content\/uploads\/2025\/06\/Forsis-logo.png","contentUrl":"https:\/\/www.forsis.de\/wp-content\/uploads\/2025\/06\/Forsis-logo.png","width":1000,"height":386,"caption":"Forsis"},"image":{"@id":"https:\/\/www.forsis.de\/nl\/#\/schema\/logo\/image\/"}}]}},"_links":{"self":[{"href":"https:\/\/www.forsis.de\/nl\/wp-json\/wp\/v2\/pages\/5494","targetHints":{"allow":["GET"]}}],"collection":[{"href":"https:\/\/www.forsis.de\/nl\/wp-json\/wp\/v2\/pages"}],"about":[{"href":"https:\/\/www.forsis.de\/nl\/wp-json\/wp\/v2\/types\/page"}],"author":[{"embeddable":true,"href":"https:\/\/www.forsis.de\/nl\/wp-json\/wp\/v2\/users\/1"}],"replies":[{"embeddable":true,"href":"https:\/\/www.forsis.de\/nl\/wp-json\/wp\/v2\/comments?post=5494"}],"version-history":[{"count":8,"href":"https:\/\/www.forsis.de\/nl\/wp-json\/wp\/v2\/pages\/5494\/revisions"}],"predecessor-version":[{"id":5506,"href":"https:\/\/www.forsis.de\/nl\/wp-json\/wp\/v2\/pages\/5494\/revisions\/5506"}],"wp:attachment":[{"href":"https:\/\/www.forsis.de\/nl\/wp-json\/wp\/v2\/media?parent=5494"}],"curies":[{"name":"wp","href":"https:\/\/api.w.org\/{rel}","templated":true}]}}